{"id":631,"date":"2026-03-01T02:30:07","date_gmt":"2026-03-01T01:30:07","guid":{"rendered":"https:\/\/ruettger.de\/web10\/?page_id=631"},"modified":"2026-03-06T17:06:11","modified_gmt":"2026-03-06T16:06:11","slug":"wines","status":"publish","type":"page","link":"https:\/\/ruettger.de\/index.php\/wines\/","title":{"rendered":"Wines"},"content":{"rendered":"\n<div class=\"wp-block-group alignfull has-base-2-background-color has-background is-vertical is-content-justification-center is-nowrap is-layout-flex wp-container-core-group-is-layout-2215816d wp-block-group-is-layout-flex\" style=\"min-height:100vh;margin-top:0;margin-bottom:0;padding-top:var(--wp--preset--spacing--50);padding-right:var(--wp--preset--spacing--50);padding-bottom:var(--wp--preset--spacing--50);padding-left:var(--wp--preset--spacing--50)\">\n<div class=\"wp-block-columns alignwide are-vertically-aligned-center is-layout-flex wp-container-core-columns-is-layout-47c06fe3 wp-block-columns-is-layout-flex\">\n<div class=\"wp-block-column is-vertically-aligned-center is-layout-flow wp-block-column-is-layout-flow\" style=\"flex-basis:40%\">\n<div class=\"wp-block-group is-layout-flow wp-container-core-group-is-layout-8f7ed23f wp-block-group-is-layout-flow\" style=\"min-height:100%;margin-top:0;margin-bottom:0;padding-right:0;padding-left:0\">\n<h1 class=\"wp-block-heading has-text-align-right\" style=\"margin-right:0;margin-left:calc( var(--wp--preset--spacing--20) * -1);font-size:clamp(4.509rem, 4.509rem + ((1vw - 0.2rem) * 9.152), 10rem);line-height:1;writing-mode:vertical-rl\">WINES<\/h1>\n\n\n\n<div class=\"wp-block-group has-global-padding is-content-justification-left is-layout-constrained wp-container-core-group-is-layout-0207514c wp-block-group-is-layout-constrained\" style=\"padding-right:0;padding-left:0\">\n<p class=\"wp-container-content-0733e5d0\" style=\"font-size:clamp(0.875rem, 0.875rem + ((1vw - 0.2rem) * 0.558), 1.21rem);\">Discover our wines and learn more here.<br><\/p>\n<\/div>\n<\/div>\n<\/div>\n\n\n\n<div class=\"wp-block-column is-vertically-aligned-top is-layout-flow wp-block-column-is-layout-flow\" style=\"flex-basis:60%\">\n<figure class=\"wp-block-image size-large is-style-rounded is-style-rounded--1\"><img loading=\"lazy\" decoding=\"async\" width=\"680\" height=\"1024\" src=\"https:\/\/ruettger.de\/wp-content\/uploads\/2026\/02\/DSC_7678-680x1024.jpg\" alt=\"\" class=\"wp-image-80\" srcset=\"https:\/\/ruettger.de\/wp-content\/uploads\/2026\/02\/DSC_7678-680x1024.jpg 680w, https:\/\/ruettger.de\/wp-content\/uploads\/2026\/02\/DSC_7678-199x300.jpg 199w, https:\/\/ruettger.de\/wp-content\/uploads\/2026\/02\/DSC_7678-768x1156.jpg 768w, https:\/\/ruettger.de\/wp-content\/uploads\/2026\/02\/DSC_7678-1020x1536.jpg 1020w, https:\/\/ruettger.de\/wp-content\/uploads\/2026\/02\/DSC_7678-1360x2048.jpg 1360w, https:\/\/ruettger.de\/wp-content\/uploads\/2026\/02\/DSC_7678-scaled.jpg 1700w\" sizes=\"auto, (max-width: 680px) 100vw, 680px\" \/><\/figure>\n<\/div>\n<\/div>\n<\/div>\n\n\n\n<div class=\"wp-block-group alignfull has-base-2-background-color has-background has-global-padding is-layout-constrained wp-container-core-group-is-layout-d89aad35 wp-block-group-is-layout-constrained\" style=\"margin-top:0;margin-bottom:0;padding-top:var(--wp--preset--spacing--50);padding-right:var(--wp--preset--spacing--50);padding-bottom:var(--wp--preset--spacing--50);padding-left:var(--wp--preset--spacing--50)\">\n<div class=\"wp-block-columns alignwide is-layout-flex wp-container-core-columns-is-layout-1da03c2a wp-block-columns-is-layout-flex\">\n<div class=\"wp-block-column is-vertically-aligned-center is-layout-flow wp-block-column-is-layout-flow\" style=\"flex-basis:60%\">\n<figure class=\"wp-block-image size-large is-style-rounded wp-duotone-unset-3 is-style-rounded--2\"><img loading=\"lazy\" decoding=\"async\" width=\"1024\" height=\"800\" src=\"https:\/\/ruettger.de\/wp-content\/uploads\/2026\/02\/trockenweiss2-17cm-1024x800.png\" alt=\"\" class=\"wp-image-508\" srcset=\"https:\/\/ruettger.de\/wp-content\/uploads\/2026\/02\/trockenweiss2-17cm-1024x800.png 1024w, https:\/\/ruettger.de\/wp-content\/uploads\/2026\/02\/trockenweiss2-17cm-300x234.png 300w, https:\/\/ruettger.de\/wp-content\/uploads\/2026\/02\/trockenweiss2-17cm-768x600.png 768w, https:\/\/ruettger.de\/wp-content\/uploads\/2026\/02\/trockenweiss2-17cm-1536x1200.png 1536w, https:\/\/ruettger.de\/wp-content\/uploads\/2026\/02\/trockenweiss2-17cm.png 2008w\" sizes=\"auto, (max-width: 1024px) 100vw, 1024px\" \/><\/figure>\n<\/div>\n\n\n\n<div class=\"wp-block-column is-layout-flow wp-block-column-is-layout-flow\" style=\"flex-basis:40%\">\n<h2 class=\"wp-block-heading\">Whitewine<\/h2>\n\n\n\n<p style=\"font-size:clamp(0.875rem, 0.875rem + ((1vw - 0.2rem) * 0.708), 1.3rem);\">Our passion has long been devoted to Riesling and the Pinot varieties.<br>For Riesling, the spectrum ranges from our elegant, yet rich Feuerm\u00e4nnchen to the opulent R\u00e9serve from old vineyards. For our basic Riesling wines, we deliberately harvest early to preserve freshness, fruit, and acidity.<\/p>\n\n\n\n<p style=\"font-size:clamp(0.875rem, 0.875rem + ((1vw - 0.2rem) * 0.708), 1.3rem);\">Our Pinot varieties thrive on the calcareous soils of the Neuleiningen Sites, which give them minerality and strength. They are vinified exclusively in stainless steel tanks to preserve their delicate structure. Our range also includes off-dry and semi-sweet wines.<\/p>\n<\/div>\n<\/div>\n<\/div>\n\n\n\n<div class=\"wp-block-group alignfull has-base-2-background-color has-background has-global-padding is-layout-constrained wp-container-core-group-is-layout-d89aad35 wp-block-group-is-layout-constrained\" style=\"margin-top:0;margin-bottom:0;padding-top:var(--wp--preset--spacing--50);padding-right:var(--wp--preset--spacing--50);padding-bottom:var(--wp--preset--spacing--50);padding-left:var(--wp--preset--spacing--50)\">\n<div class=\"wp-block-columns alignwide is-layout-flex wp-container-core-columns-is-layout-1da03c2a wp-block-columns-is-layout-flex\">\n<div class=\"wp-block-column is-layout-flow wp-block-column-is-layout-flow\" style=\"flex-basis:40%\">\n<h2 class=\"wp-block-heading\">Redwine<\/h2>\n\n\n\n<p style=\"font-size:clamp(0.875rem, 0.875rem + ((1vw - 0.2rem) * 0.708), 1.3rem);\">Our red wines are fermented exclusively on the skins and all undergo natural malolactic fermentation. Pinot Noir holds a special place with us. On the calcareous Sonnenberg site, it develops its distinctive, individual style \u2013 much like in its Burgundian homeland.<\/p>\n\n\n\n<p style=\"font-size:clamp(0.875rem, 0.875rem + ((1vw - 0.2rem) * 0.708), 1.3rem);\">From the finest grapes, we also produce our long-aged Pinot Noir R\u00e9serve, Blaufr\u00e4nkisch, and the Cabernet Sauvignon &amp; Merlot cuv\u00e9e.<\/p>\n<\/div>\n\n\n\n<div class=\"wp-block-column is-vertically-aligned-center is-layout-flow wp-block-column-is-layout-flow\" style=\"flex-basis:60%\">\n<figure class=\"wp-block-image size-large is-style-rounded wp-duotone-unset-5 is-style-rounded--4\"><img loading=\"lazy\" decoding=\"async\" width=\"1024\" height=\"811\" src=\"https:\/\/ruettger.de\/wp-content\/uploads\/2026\/02\/trockenrot17cm-1024x811.png\" alt=\"\" class=\"wp-image-512\" srcset=\"https:\/\/ruettger.de\/wp-content\/uploads\/2026\/02\/trockenrot17cm-1024x811.png 1024w, https:\/\/ruettger.de\/wp-content\/uploads\/2026\/02\/trockenrot17cm-300x238.png 300w, https:\/\/ruettger.de\/wp-content\/uploads\/2026\/02\/trockenrot17cm-768x608.png 768w, https:\/\/ruettger.de\/wp-content\/uploads\/2026\/02\/trockenrot17cm-1536x1216.png 1536w, https:\/\/ruettger.de\/wp-content\/uploads\/2026\/02\/trockenrot17cm.png 2008w\" sizes=\"auto, (max-width: 1024px) 100vw, 1024px\" \/><\/figure>\n<\/div>\n<\/div>\n<\/div>\n\n\n\n<div class=\"wp-block-group alignfull has-base-2-background-color has-background has-global-padding is-layout-constrained wp-container-core-group-is-layout-669513ed wp-block-group-is-layout-constrained\" style=\"margin-top:0;margin-bottom:0;padding-top:var(--wp--preset--spacing--50);padding-right:var(--wp--preset--spacing--50);padding-bottom:var(--wp--preset--spacing--50);padding-left:var(--wp--preset--spacing--50)\">\n<div class=\"wp-block-columns alignwide is-layout-flex wp-container-core-columns-is-layout-d0846407 wp-block-columns-is-layout-flex\">\n<div class=\"wp-block-column is-vertically-aligned-stretch is-layout-flow wp-block-column-is-layout-flow\" style=\"flex-basis:26.67%\">\n<div class=\"wp-block-group has-global-padding is-layout-constrained wp-container-core-group-is-layout-f7c68da8 wp-block-group-is-layout-constrained\" style=\"min-height:100%\">\n<figure class=\"wp-block-image size-large is-style-default\" style=\"margin-top:0;margin-right:0;margin-bottom:0;margin-left:0\"><img loading=\"lazy\" decoding=\"async\" width=\"232\" height=\"1024\" src=\"https:\/\/ruettger.de\/wp-content\/uploads\/2026\/02\/3123-232x1024.png\" alt=\"\" class=\"wp-image-530\" srcset=\"https:\/\/ruettger.de\/wp-content\/uploads\/2026\/02\/3123-232x1024.png 232w, https:\/\/ruettger.de\/wp-content\/uploads\/2026\/02\/3123-68x300.png 68w\" sizes=\"auto, (max-width: 232px) 100vw, 232px\" \/><\/figure>\n<\/div>\n<\/div>\n\n\n\n<div class=\"wp-block-column is-vertically-aligned-top is-layout-flow wp-block-column-is-layout-flow\" style=\"flex-basis:60%\">\n<h2 class=\"wp-block-heading\">Riesling<\/h2>\n\n\n\n<p style=\"font-size:clamp(0.875rem, 0.875rem + ((1vw - 0.2rem) * 0.708), 1.3rem);\">Riesling is our flagship and at the same time our most important grape variety, accounting for roughly 25% of our production. We value it for its remarkable versatility, its delicate elegance, pronounced acidity, exceptional aging potential, and its lively freshness in youth. We aim to honor this multifaceted character in all our wines.<\/p>\n\n\n\n<p style=\"font-size:clamp(0.875rem, 0.875rem + ((1vw - 0.2rem) * 0.708), 1.3rem);\">The journey begins with our Riesling Kabinett Trocken in the liter bottle \u2013 a light, summery style with moderate alcohol and great drinkability. Beyond that, we interpret Riesling in numerous other expressions: <em>Le Tendre<\/em> \u2013 \u201cthe Tender\u201d \u2013 represents our slightly softer style with subtle, off-dry sweetness and harmonious balance.<\/p>\n\n\n\n<p style=\"font-size:clamp(0.875rem, 0.875rem + ((1vw - 0.2rem) * 0.708), 1.3rem);\">In our single vineyard Feuerm\u00e4nnchen, shaped by vines over 60 years old in places, Riesling reveals its full power and depth. Here, we deliberately give it time to develop. In particular, our Riesling R\u00e9serve \u2013 partially aged in wood \u2013 and the reductively vinified Feuerm\u00e4nnchen develop complex, captivating aromas and gain additional expression and character through extended bottle aging.<\/p>\n<\/div>\n<\/div>\n<\/div>\n\n\n\n<div class=\"wp-block-group alignfull has-base-2-background-color has-background has-global-padding is-layout-constrained wp-container-core-group-is-layout-669513ed wp-block-group-is-layout-constrained\" style=\"margin-top:0;margin-bottom:0;padding-top:var(--wp--preset--spacing--50);padding-right:var(--wp--preset--spacing--50);padding-bottom:var(--wp--preset--spacing--50);padding-left:var(--wp--preset--spacing--50)\">\n<div class=\"wp-block-columns alignwide is-layout-flex wp-container-core-columns-is-layout-d0846407 wp-block-columns-is-layout-flex\">\n<div class=\"wp-block-column is-vertically-aligned-top is-layout-flow wp-block-column-is-layout-flow\" style=\"flex-basis:50%\">\n<h2 class=\"wp-block-heading\">Sp\u00e4tburgunder (Pinot Noir)<\/h2>\n\n\n\n<p style=\"font-size:clamp(0.875rem, 0.875rem + ((1vw - 0.2rem) * 0.708), 1.3rem);\">Our Pinot Noir vines thrive on calcareous soils, just as they do in their Burgundian homeland. Some of our vineyards in the Sonnenberg site lie only 200 meters from an old limestone quarry \u2013 a special location that imparts expression and minerality to the grapes.<\/p>\n\n\n\n<p style=\"font-size:clamp(0.875rem, 0.875rem + ((1vw - 0.2rem) * 0.708), 1.3rem);\">They benefit greatly from our cool-climate sites. The elegance of Pinot is legendary: even with exclusive barrel aging, as in our Pinot Noir R\u00e9serve, its finesse remains unmistakable. The variety displays lightness, subtlety, and layered nuances.<\/p>\n\n\n\n<p style=\"font-size:clamp(0.875rem, 0.875rem + ((1vw - 0.2rem) * 0.708), 1.3rem);\">In addition, we produce above all our <em>Sp\u00e4tburgunder Kalkboden<\/em> \u2013 a clear, straightforward wine without wood contact, featuring fresh fruit. A wine that hovers between red and ros\u00e9, never heavy, and perfect for enjoyment even on hot summer days.<\/p>\n\n\n\n<p style=\"font-size:clamp(0.875rem, 0.875rem + ((1vw - 0.2rem) * 0.708), 1.3rem);\">Pinot Noir accounts for about 20% of our production and represents, for us, the art of refined, elegant red wines.<\/p>\n<\/div>\n\n\n\n<div class=\"wp-block-column is-vertically-aligned-stretch is-layout-flow wp-block-column-is-layout-flow\" style=\"flex-basis:26.67%\">\n<div class=\"wp-block-group has-global-padding is-layout-constrained wp-container-core-group-is-layout-f2f21bec wp-block-group-is-layout-constrained\" style=\"min-height:100%\">\n<figure class=\"wp-block-image size-large is-style-default\" style=\"margin-top:0;margin-right:0;margin-bottom:0;margin-left:0\"><img loading=\"lazy\" decoding=\"async\" width=\"280\" height=\"1024\" src=\"https:\/\/ruettger.de\/wp-content\/uploads\/2026\/02\/5022-280x1024.png\" alt=\"\" class=\"wp-image-534\" srcset=\"https:\/\/ruettger.de\/wp-content\/uploads\/2026\/02\/5022-280x1024.png 280w, https:\/\/ruettger.de\/wp-content\/uploads\/2026\/02\/5022-82x300.png 82w, https:\/\/ruettger.de\/wp-content\/uploads\/2026\/02\/5022-768x2806.png 768w, https:\/\/ruettger.de\/wp-content\/uploads\/2026\/02\/5022-420x1536.png 420w, https:\/\/ruettger.de\/wp-content\/uploads\/2026\/02\/5022-scaled.png 701w\" sizes=\"auto, (max-width: 280px) 100vw, 280px\" \/><\/figure>\n<\/div>\n<\/div>\n<\/div>\n\n\n\n<div class=\"wp-block-group alignfull has-global-padding is-layout-constrained wp-container-core-group-is-layout-9ff03eb7 wp-block-group-is-layout-constrained\" style=\"margin-top:0;margin-bottom:0;padding-top:var(--wp--preset--spacing--50);padding-right:var(--wp--preset--spacing--50);padding-bottom:var(--wp--preset--spacing--50);padding-left:var(--wp--preset--spacing--50)\">\n<div class=\"wp-block-columns alignwide are-vertically-aligned-center is-layout-flex wp-container-core-columns-is-layout-47c06fe3 wp-block-columns-is-layout-flex\">\n<div class=\"wp-block-column is-vertically-aligned-center is-layout-flow wp-block-column-is-layout-flow\" style=\"flex-basis:50%\">\n<h2 class=\"wp-block-heading\">Beyond Riesling and Pinot Noir<\/h2>\n\n\n\n<p style=\"font-size:clamp(0.875rem, 0.875rem + ((1vw - 0.2rem) * 0.708), 1.3rem);\">Our range is diverse and of the highest quality. Thanks to our ideal location and excellent soils, we place a special focus on cultivating Pinot Gris and Pinot Blanc. The limestone gives the wines minerality and preserves a lively acidity \u2013 a perfect combination.<\/p>\n\n\n\n<p style=\"font-size:clamp(0.875rem, 0.875rem + ((1vw - 0.2rem) * 0.708), 1.3rem);\">A personal favorite of our winemaking family is Sauvignon Blanc \u2013 carefully tended, it delights with aromas of fresh grass, subtle spices, and green bell pepper.<\/p>\n\n\n\n<p style=\"font-size:clamp(0.875rem, 0.875rem + ((1vw - 0.2rem) * 0.708), 1.3rem);\">Chardonnay is also on the rise: we have one 35-year-old vineyard, as well as a younger six-year-old planting, which we enjoy blending for the contrasting character of the vines. We produce a red wine cuv\u00e9e of Merlot and Cabernet Sauvignon, as well as a ros\u00e9 from Schwarzriesling (Pinot Meunier) and Cabernet Sauvignon. Bacchus and Scheurebe also hold a special place in our hearts, creating wonderfully off-dry wines with refreshing flavor and balanced acidity.<\/p>\n<\/div>\n\n\n\n<div class=\"wp-block-column is-vertically-aligned-center is-layout-flow wp-block-column-is-layout-flow\" style=\"flex-basis:50%\">\n<figure class=\"wp-block-image size-full is-style-rounded is-style-rounded--6\"><img loading=\"lazy\" decoding=\"async\" width=\"600\" height=\"481\" src=\"https:\/\/ruettger.de\/wp-content\/uploads\/2026\/02\/bunt600q80.png\" alt=\"\" class=\"wp-image-542\" srcset=\"https:\/\/ruettger.de\/wp-content\/uploads\/2026\/02\/bunt600q80.png 600w, https:\/\/ruettger.de\/wp-content\/uploads\/2026\/02\/bunt600q80-300x241.png 300w\" sizes=\"auto, (max-width: 600px) 100vw, 600px\" \/><\/figure>\n<\/div>\n<\/div>\n<\/div>\n<\/div>\n","protected":false},"excerpt":{"rendered":"<p>WINES Discover our wines and learn more here. Whitewine Our passion has long been devoted to Riesling and the Pinot varieties.For Riesling, the spectrum ranges from our elegant, yet rich Feuerm\u00e4nnchen to the opulent R\u00e9serve from old vineyards. For our basic Riesling wines, we deliberately harvest early to preserve freshness, fruit, and acidity. Our Pinot [&hellip;]<\/p>\n","protected":false},"author":1,"featured_media":0,"parent":0,"menu_order":0,"comment_status":"closed","ping_status":"closed","template":"seite-test-fuer-englisch","meta":{"footnotes":""},"class_list":["post-631","page","type-page","status-publish","hentry"],"_links":{"self":[{"href":"https:\/\/ruettger.de\/index.php\/wp-json\/wp\/v2\/pages\/631","targetHints":{"allow":["GET"]}}],"collection":[{"href":"https:\/\/ruettger.de\/index.php\/wp-json\/wp\/v2\/pages"}],"about":[{"href":"https:\/\/ruettger.de\/index.php\/wp-json\/wp\/v2\/types\/page"}],"author":[{"embeddable":true,"href":"https:\/\/ruettger.de\/index.php\/wp-json\/wp\/v2\/users\/1"}],"replies":[{"embeddable":true,"href":"https:\/\/ruettger.de\/index.php\/wp-json\/wp\/v2\/comments?post=631"}],"version-history":[{"count":13,"href":"https:\/\/ruettger.de\/index.php\/wp-json\/wp\/v2\/pages\/631\/revisions"}],"predecessor-version":[{"id":915,"href":"https:\/\/ruettger.de\/index.php\/wp-json\/wp\/v2\/pages\/631\/revisions\/915"}],"wp:attachment":[{"href":"https:\/\/ruettger.de\/index.php\/wp-json\/wp\/v2\/media?parent=631"}],"curies":[{"name":"wp","href":"https:\/\/api.w.org\/{rel}","templated":true}]}}