{"id":507,"date":"2026-02-25T20:50:48","date_gmt":"2026-02-25T19:50:48","guid":{"rendered":"https:\/\/ruettger.de\/web10\/?page_id=507"},"modified":"2026-03-04T22:23:27","modified_gmt":"2026-03-04T21:23:27","slug":"weine-2","status":"publish","type":"page","link":"https:\/\/ruettger.de\/index.php\/weine-2\/","title":{"rendered":"Weine"},"content":{"rendered":"\n<div class=\"wp-block-group alignfull has-base-2-background-color has-background is-vertical is-content-justification-center is-nowrap is-layout-flex wp-container-core-group-is-layout-2215816d wp-block-group-is-layout-flex\" style=\"min-height:100vh;margin-top:0;margin-bottom:0;padding-top:var(--wp--preset--spacing--50);padding-right:var(--wp--preset--spacing--50);padding-bottom:var(--wp--preset--spacing--50);padding-left:var(--wp--preset--spacing--50)\">\n<div class=\"wp-block-columns alignwide are-vertically-aligned-center is-layout-flex wp-container-core-columns-is-layout-47c06fe3 wp-block-columns-is-layout-flex\">\n<div class=\"wp-block-column is-vertically-aligned-center is-layout-flow wp-block-column-is-layout-flow\" style=\"flex-basis:40%\">\n<div class=\"wp-block-group is-layout-flow wp-container-core-group-is-layout-8f7ed23f wp-block-group-is-layout-flow\" style=\"min-height:100%;margin-top:0;margin-bottom:0;padding-right:0;padding-left:0\">\n<h1 class=\"wp-block-heading has-text-align-right\" style=\"margin-right:0;margin-left:calc( var(--wp--preset--spacing--20) * -1);font-size:clamp(4.509rem, 4.509rem + ((1vw - 0.2rem) * 9.152), 10rem);line-height:1;writing-mode:vertical-rl\">WEINE<\/h1>\n\n\n\n<div class=\"wp-block-group has-global-padding is-content-justification-left is-layout-constrained wp-container-core-group-is-layout-0207514c wp-block-group-is-layout-constrained\" style=\"padding-right:0;padding-left:0\">\n<p class=\"wp-container-content-0733e5d0\" style=\"font-size:clamp(0.875rem, 0.875rem + ((1vw - 0.2rem) * 0.558), 1.21rem);\">Entdecken Sie unsere Weine und erfahren Sie hier mehr.<br><strong>Direkt zu den verf\u00fcgbaren Probepaketen geht es hier: <a href=\"https:\/\/ruettger.de\/probepakete.pdf\" data-type=\"link\" data-id=\"https:\/\/ruettger.de\/probepakete.pdf\" target=\"_blank\" rel=\"noreferrer noopener\">Link<\/a><\/strong><\/p>\n<\/div>\n<\/div>\n<\/div>\n\n\n\n<div class=\"wp-block-column is-vertically-aligned-top is-layout-flow wp-block-column-is-layout-flow\" style=\"flex-basis:60%\">\n<figure class=\"wp-block-image size-large is-style-rounded is-style-rounded--1\"><img loading=\"lazy\" decoding=\"async\" width=\"680\" height=\"1024\" src=\"https:\/\/ruettger.de\/wp-content\/uploads\/2026\/02\/DSC_7678-680x1024.jpg\" alt=\"\" class=\"wp-image-80\" srcset=\"https:\/\/ruettger.de\/wp-content\/uploads\/2026\/02\/DSC_7678-680x1024.jpg 680w, https:\/\/ruettger.de\/wp-content\/uploads\/2026\/02\/DSC_7678-199x300.jpg 199w, https:\/\/ruettger.de\/wp-content\/uploads\/2026\/02\/DSC_7678-768x1156.jpg 768w, https:\/\/ruettger.de\/wp-content\/uploads\/2026\/02\/DSC_7678-1020x1536.jpg 1020w, https:\/\/ruettger.de\/wp-content\/uploads\/2026\/02\/DSC_7678-1360x2048.jpg 1360w, https:\/\/ruettger.de\/wp-content\/uploads\/2026\/02\/DSC_7678-scaled.jpg 1700w\" sizes=\"auto, (max-width: 680px) 100vw, 680px\" \/><\/figure>\n<\/div>\n<\/div>\n<\/div>\n\n\n\n<div class=\"wp-block-group alignfull has-base-2-background-color has-background has-global-padding is-layout-constrained wp-container-core-group-is-layout-d89aad35 wp-block-group-is-layout-constrained\" style=\"margin-top:0;margin-bottom:0;padding-top:var(--wp--preset--spacing--50);padding-right:var(--wp--preset--spacing--50);padding-bottom:var(--wp--preset--spacing--50);padding-left:var(--wp--preset--spacing--50)\">\n<div class=\"wp-block-columns alignwide is-layout-flex wp-container-core-columns-is-layout-1da03c2a wp-block-columns-is-layout-flex\">\n<div class=\"wp-block-column is-vertically-aligned-center is-layout-flow wp-block-column-is-layout-flow\" style=\"flex-basis:60%\">\n<figure class=\"wp-block-image size-large is-style-rounded wp-duotone-unset-3 is-style-rounded--2\"><img loading=\"lazy\" decoding=\"async\" width=\"1024\" height=\"800\" src=\"https:\/\/ruettger.de\/wp-content\/uploads\/2026\/02\/trockenweiss2-17cm-1024x800.png\" alt=\"\" class=\"wp-image-508\" srcset=\"https:\/\/ruettger.de\/wp-content\/uploads\/2026\/02\/trockenweiss2-17cm-1024x800.png 1024w, https:\/\/ruettger.de\/wp-content\/uploads\/2026\/02\/trockenweiss2-17cm-300x234.png 300w, https:\/\/ruettger.de\/wp-content\/uploads\/2026\/02\/trockenweiss2-17cm-768x600.png 768w, https:\/\/ruettger.de\/wp-content\/uploads\/2026\/02\/trockenweiss2-17cm-1536x1200.png 1536w, https:\/\/ruettger.de\/wp-content\/uploads\/2026\/02\/trockenweiss2-17cm.png 2008w\" sizes=\"auto, (max-width: 1024px) 100vw, 1024px\" \/><\/figure>\n<\/div>\n\n\n\n<div class=\"wp-block-column is-layout-flow wp-block-column-is-layout-flow\" style=\"flex-basis:40%\">\n<h2 class=\"wp-block-heading\">Wei\u00dfweine<\/h2>\n\n\n\n<p style=\"font-size:clamp(0.875rem, 0.875rem + ((1vw - 0.2rem) * 0.708), 1.3rem);\">Unsere Leidenschaft gilt seit Langem den Rebsorten <strong>Riesling<\/strong> und den <strong>Burgundersorten<\/strong>.<br>Beim Riesling reicht das Spektrum von unserem eleganten, frischen <strong>Feuerm\u00e4nnchen<\/strong> bis zur opulenten <strong>R\u00e9serve<\/strong> aus alten Weinbergen. F\u00fcr unseren Liter-Riesling ernten wir bewusst fr\u00fch, f\u00fcr Frische, Frucht und S\u00e4ure.<\/p>\n\n\n\n<p style=\"font-size:clamp(0.875rem, 0.875rem + ((1vw - 0.2rem) * 0.708), 1.3rem);\">Unsere Burgunder gedeihen auf kalkhaltigen B\u00f6den des Neuleininger Bergs, die ihnen Mineralit\u00e4t und Kraft verleihen. Ausgebaut werden sie ausschlie\u00dflich im Edelstahltank, um ihre feine Struktur zu bewahren. Auch feinherbe und rests\u00fc\u00dfe Weine finden Sie in unserem Sortiment.<\/p>\n<\/div>\n<\/div>\n<\/div>\n\n\n\n<div class=\"wp-block-group alignfull has-base-2-background-color has-background has-global-padding is-layout-constrained wp-container-core-group-is-layout-d89aad35 wp-block-group-is-layout-constrained\" style=\"margin-top:0;margin-bottom:0;padding-top:var(--wp--preset--spacing--50);padding-right:var(--wp--preset--spacing--50);padding-bottom:var(--wp--preset--spacing--50);padding-left:var(--wp--preset--spacing--50)\">\n<div class=\"wp-block-columns alignwide is-layout-flex wp-container-core-columns-is-layout-1da03c2a wp-block-columns-is-layout-flex\">\n<div class=\"wp-block-column is-layout-flow wp-block-column-is-layout-flow\" style=\"flex-basis:40%\">\n<h2 class=\"wp-block-heading\">Rotweine<\/h2>\n\n\n\n<p style=\"font-size:clamp(0.875rem, 0.875rem + ((1vw - 0.2rem) * 0.708), 1.3rem);\">Unsere Rotweine werden ausschlie\u00dflich auf der Maische vergoren und durchlaufen allesamt einen nat\u00fcrlichen S\u00e4ureabbau. <\/p>\n\n\n\n<p style=\"font-size:clamp(0.875rem, 0.875rem + ((1vw - 0.2rem) * 0.708), 1.3rem);\">Der <strong>Sp\u00e4tburgunder (Pinot Noir)<\/strong> nimmt bei uns eine besondere Stellung ein. Auf der kalkreichen Lage Sonnenberg entfaltet er, ganz wie in seiner burgundischen Heimat, seinen charaktervollen, eigenst\u00e4ndigen Stil. Aus den besten Trauben entstehen zudem unsere lange gereiften <strong>Sp\u00e4tburgunder R\u00e9serve, Blaufr\u00e4nkisch<\/strong> und die Cuv\u00e9e <strong>Cabernet Sauvignon &amp; Merlot<\/strong>, welche wir in Teilen &#8211; oder ausschlie\u00dflich &#8211; in Barriquef\u00e4ssern ausbauen.<\/p>\n<\/div>\n\n\n\n<div class=\"wp-block-column is-vertically-aligned-center is-layout-flow wp-block-column-is-layout-flow\" style=\"flex-basis:60%\">\n<figure class=\"wp-block-image size-large is-style-rounded wp-duotone-unset-5 is-style-rounded--4\"><img loading=\"lazy\" decoding=\"async\" width=\"1024\" height=\"811\" src=\"https:\/\/ruettger.de\/wp-content\/uploads\/2026\/02\/trockenrot17cm-1024x811.png\" alt=\"\" class=\"wp-image-512\" srcset=\"https:\/\/ruettger.de\/wp-content\/uploads\/2026\/02\/trockenrot17cm-1024x811.png 1024w, https:\/\/ruettger.de\/wp-content\/uploads\/2026\/02\/trockenrot17cm-300x238.png 300w, https:\/\/ruettger.de\/wp-content\/uploads\/2026\/02\/trockenrot17cm-768x608.png 768w, https:\/\/ruettger.de\/wp-content\/uploads\/2026\/02\/trockenrot17cm-1536x1216.png 1536w, https:\/\/ruettger.de\/wp-content\/uploads\/2026\/02\/trockenrot17cm.png 2008w\" sizes=\"auto, (max-width: 1024px) 100vw, 1024px\" \/><\/figure>\n<\/div>\n<\/div>\n<\/div>\n\n\n\n<div class=\"wp-block-group alignfull has-base-2-background-color has-background has-global-padding is-layout-constrained wp-container-core-group-is-layout-669513ed wp-block-group-is-layout-constrained\" style=\"margin-top:0;margin-bottom:0;padding-top:var(--wp--preset--spacing--50);padding-right:var(--wp--preset--spacing--50);padding-bottom:var(--wp--preset--spacing--50);padding-left:var(--wp--preset--spacing--50)\">\n<div class=\"wp-block-columns alignwide is-layout-flex wp-container-core-columns-is-layout-d0846407 wp-block-columns-is-layout-flex\">\n<div class=\"wp-block-column is-vertically-aligned-stretch is-layout-flow wp-block-column-is-layout-flow\" style=\"flex-basis:26.67%\">\n<div class=\"wp-block-group has-global-padding is-layout-constrained wp-container-core-group-is-layout-f7c68da8 wp-block-group-is-layout-constrained\" style=\"min-height:100%\">\n<figure class=\"wp-block-image size-large is-style-default\" style=\"margin-top:0;margin-right:0;margin-bottom:0;margin-left:0\"><img loading=\"lazy\" decoding=\"async\" width=\"232\" height=\"1024\" src=\"https:\/\/ruettger.de\/wp-content\/uploads\/2026\/02\/3123-232x1024.png\" alt=\"\" class=\"wp-image-530\" srcset=\"https:\/\/ruettger.de\/wp-content\/uploads\/2026\/02\/3123-232x1024.png 232w, https:\/\/ruettger.de\/wp-content\/uploads\/2026\/02\/3123-68x300.png 68w\" sizes=\"auto, (max-width: 232px) 100vw, 232px\" \/><\/figure>\n<\/div>\n<\/div>\n\n\n\n<div class=\"wp-block-column is-vertically-aligned-top is-layout-flow wp-block-column-is-layout-flow\" style=\"flex-basis:60%\">\n<h2 class=\"wp-block-heading\">Riesling<\/h2>\n\n\n\n<p style=\"font-size:clamp(0.875rem, 0.875rem + ((1vw - 0.2rem) * 0.708), 1.3rem);\">Riesling ist unser Aush\u00e4ngeschild und zugleich unsere bedeutendste Rebsorte. Etwa 25 % unserer Produktion konzentriert sich auf ihn. Wir sch\u00e4tzen an ihm seine beeindruckende Vielfalt, seine feine Eleganz, die pr\u00e4gnante S\u00e4ure, seine au\u00dfergew\u00f6hnliche Lagerf\u00e4higkeit ebenso wie seine animierende Frische in jungen Jahren. Diesem Facettenreichtum m\u00f6chten wir in all unseren Weinen gerecht werden.<\/p>\n\n\n\n<p style=\"font-size:clamp(0.875rem, 0.875rem + ((1vw - 0.2rem) * 0.708), 1.3rem);\">Den Auftakt bildet unser Riesling Kabinett Trocken in der Literflasche \u2013 ein sommerlich-leichter Stil mit moderatem Alkoholgehalt und viel Trinkfreude. Dar\u00fcber hinaus interpretieren wir den Riesling in zahlreichen weiteren Auspr\u00e4gungen: \u201eLe Tendre\u201c \u2013 der Zarte \u2013 steht f\u00fcr unseren etwas milderen Typ mit feiner, halbtrockener Rests\u00fc\u00dfe und harmonischem Spiel.<\/p>\n\n\n\n<p style=\"font-size:clamp(0.875rem, 0.875rem + ((1vw - 0.2rem) * 0.708), 1.3rem);\">In unserer Einzellage Feuerm\u00e4nnchen, gepr\u00e4gt von teils \u00fcber 60 Jahre alten Reben, zeigt der Riesling seine ganze Kraft und Tiefe. Hier geben wir ihm bewusst Zeit zur Entfaltung. Insbesondere unsere Riesling R\u00e9serve \u2013 teilweise im Holz ausgebaut \u2013 sowie das reduktiv ausgebaute Feuerm\u00e4nnchen entwickeln komplexe, faszinierende Aromen und gewinnen durch l\u00e4ngere Flaschenreife zus\u00e4tzlich an Ausdruck und Charakter.<\/p>\n<\/div>\n<\/div>\n<\/div>\n\n\n\n<div class=\"wp-block-group alignfull has-base-2-background-color has-background has-global-padding is-layout-constrained wp-container-core-group-is-layout-669513ed wp-block-group-is-layout-constrained\" style=\"margin-top:0;margin-bottom:0;padding-top:var(--wp--preset--spacing--50);padding-right:var(--wp--preset--spacing--50);padding-bottom:var(--wp--preset--spacing--50);padding-left:var(--wp--preset--spacing--50)\">\n<div class=\"wp-block-columns alignwide is-layout-flex wp-container-core-columns-is-layout-d0846407 wp-block-columns-is-layout-flex\">\n<div class=\"wp-block-column is-vertically-aligned-top is-layout-flow wp-block-column-is-layout-flow\" style=\"flex-basis:50%\">\n<h2 class=\"wp-block-heading\">Sp\u00e4tburgunder<\/h2>\n\n\n\n<p style=\"font-size:clamp(0.875rem, 0.875rem + ((1vw - 0.2rem) * 0.708), 1.3rem);\">Unsere Sp\u00e4tburgunder-Reben (frz.: Pinot Noir) gedeihen, ganz wie in ihrer burgundischen Heimat, auf kalkhaltigen B\u00f6den. Einige unserer Weinberge in der Lage Sonnenberg liegen nur 200 Meter von einem alten Kalksteinbruch entfernt \u2013 ein besonderer Standort, der den Trauben Ausdruck und Mineralit\u00e4t verleiht.<\/p>\n\n\n\n<p style=\"font-size:clamp(0.875rem, 0.875rem + ((1vw - 0.2rem) * 0.708), 1.3rem);\">Sie profitieren in hohem Ma\u00dfe von unseren Cool-Climate-Lagen. Die Eleganz des Pinot ist legend\u00e4r: selbst bei ausschlie\u00dflichem Barrique-Ausbau, wie bei unserer Sp\u00e4tburgunder-R\u00e9serve, bleibt seine Finesse unverkennbar. Die Sorte zeigt Leichtigkeit, Subtilit\u00e4t und vielschichtige Nuancen.<\/p>\n\n\n\n<p style=\"font-size:clamp(0.875rem, 0.875rem + ((1vw - 0.2rem) * 0.708), 1.3rem);\">Au\u00dferdem erzeugen wir vor allem unseren \u201eSp\u00e4tburgunder Kalkboden\u201c \u2013 ein klarer, geradliniger Wein ohne Holzkontakt, mit frischer Frucht. Ein Wein, der zwischen Rot- und Ros\u00e9welten schwebt, ohne je ein Schwergewicht zu sein, und der sich auch an hei\u00dfen Sommertagen ideal genie\u00dfen l\u00e4sst.<\/p>\n\n\n\n<p style=\"font-size:clamp(0.875rem, 0.875rem + ((1vw - 0.2rem) * 0.708), 1.3rem);\">Sp\u00e4tburgunder macht etwa 20 % unserer Produktion aus und verk\u00f6rpert f\u00fcr uns die Kunst der feinen, eleganten Rotweine.<\/p>\n<\/div>\n\n\n\n<div class=\"wp-block-column is-vertically-aligned-stretch is-layout-flow wp-block-column-is-layout-flow\" style=\"flex-basis:26.67%\">\n<div class=\"wp-block-group has-global-padding is-layout-constrained wp-container-core-group-is-layout-f2f21bec wp-block-group-is-layout-constrained\" style=\"min-height:100%\">\n<figure class=\"wp-block-image size-large is-style-default\" style=\"margin-top:0;margin-right:0;margin-bottom:0;margin-left:0\"><img loading=\"lazy\" decoding=\"async\" width=\"280\" height=\"1024\" src=\"https:\/\/ruettger.de\/wp-content\/uploads\/2026\/02\/5022-280x1024.png\" alt=\"\" class=\"wp-image-534\" srcset=\"https:\/\/ruettger.de\/wp-content\/uploads\/2026\/02\/5022-280x1024.png 280w, https:\/\/ruettger.de\/wp-content\/uploads\/2026\/02\/5022-82x300.png 82w, https:\/\/ruettger.de\/wp-content\/uploads\/2026\/02\/5022-768x2806.png 768w, https:\/\/ruettger.de\/wp-content\/uploads\/2026\/02\/5022-420x1536.png 420w, https:\/\/ruettger.de\/wp-content\/uploads\/2026\/02\/5022-scaled.png 701w\" sizes=\"auto, (max-width: 280px) 100vw, 280px\" \/><\/figure>\n<\/div>\n<\/div>\n<\/div>\n\n\n\n<div class=\"wp-block-group alignfull has-global-padding is-layout-constrained wp-container-core-group-is-layout-9ff03eb7 wp-block-group-is-layout-constrained\" style=\"margin-top:0;margin-bottom:0;padding-top:var(--wp--preset--spacing--50);padding-right:var(--wp--preset--spacing--50);padding-bottom:var(--wp--preset--spacing--50);padding-left:var(--wp--preset--spacing--50)\">\n<div class=\"wp-block-columns alignwide are-vertically-aligned-center is-layout-flex wp-container-core-columns-is-layout-47c06fe3 wp-block-columns-is-layout-flex\">\n<div class=\"wp-block-column is-vertically-aligned-center is-layout-flow wp-block-column-is-layout-flow\" style=\"flex-basis:50%\">\n<h2 class=\"wp-block-heading\">Entdecken Sie unsere Vielfalt<\/h2>\n\n\n\n<p style=\"font-size:clamp(0.875rem, 0.875rem + ((1vw - 0.2rem) * 0.708), 1.3rem);\">Dank unserer idealen Lage und der hervorragenden Bodenverh\u00e4ltnisse liegt ein besonderer Schwerpunkt auf dem Ausbau von Grau- und Wei\u00dfburgunder. Ein pers\u00f6nlicher Favorit unserer Winzerfamilie ist au\u00dferdem unser &#8222;Cool Climate&#8220; Sauvignon Blanc \u2013 mit besonderer Sorgfalt gepflegt, begeistert er mit seinem Duft nach frischem Gras, w\u00fcrzigen Nuancen und gr\u00fcner Paprika.<\/p>\n\n\n\n<p style=\"font-size:clamp(0.875rem, 0.875rem + ((1vw - 0.2rem) * 0.708), 1.3rem);\">Auch den Rebsorten Chardonnay, Merlot, Cabernet, Bacchus und Scheurebe haben wir uns schon lange verschrieben.<\/p>\n\n\n\n<p style=\"font-size:clamp(0.875rem, 0.875rem + ((1vw - 0.2rem) * 0.708), 1.3rem);\">M\u00f6chten Sie unsere Weine einmal probieren? Entdecken Sie hier unsere Probepakete und erfahren Sie mehr: <a href=\"https:\/\/ruettger.de\/probepakete.pdf\" data-type=\"link\" data-id=\"https:\/\/ruettger.de\/probepakete.pdf\" target=\"_blank\" rel=\"noreferrer noopener nofollow\">Link<\/a><\/p>\n<\/div>\n\n\n\n<div class=\"wp-block-column is-vertically-aligned-center is-layout-flow wp-block-column-is-layout-flow\" style=\"flex-basis:50%\">\n<figure class=\"wp-block-image size-full is-style-rounded is-style-rounded--6\"><img loading=\"lazy\" decoding=\"async\" width=\"600\" height=\"481\" src=\"https:\/\/ruettger.de\/wp-content\/uploads\/2026\/02\/bunt600q80.png\" alt=\"\" class=\"wp-image-542\" srcset=\"https:\/\/ruettger.de\/wp-content\/uploads\/2026\/02\/bunt600q80.png 600w, https:\/\/ruettger.de\/wp-content\/uploads\/2026\/02\/bunt600q80-300x241.png 300w\" sizes=\"auto, (max-width: 600px) 100vw, 600px\" \/><\/figure>\n<\/div>\n<\/div>\n\n\n\n<div style=\"height:126px\" aria-hidden=\"true\" class=\"wp-block-spacer\"><\/div>\n<\/div>\n<\/div>\n","protected":false},"excerpt":{"rendered":"<p>WEINE Entdecken Sie unsere Weine und erfahren Sie hier mehr.Direkt zu den verf\u00fcgbaren Probepaketen geht es hier: Link Wei\u00dfweine Unsere Leidenschaft gilt seit Langem den Rebsorten Riesling und den Burgundersorten.Beim Riesling reicht das Spektrum von unserem eleganten, frischen Feuerm\u00e4nnchen bis zur opulenten R\u00e9serve aus alten Weinbergen. F\u00fcr unseren Liter-Riesling ernten wir bewusst fr\u00fch, f\u00fcr Frische, [&hellip;]<\/p>\n","protected":false},"author":1,"featured_media":0,"parent":0,"menu_order":0,"comment_status":"closed","ping_status":"closed","template":"page-no-title","meta":{"footnotes":""},"class_list":["post-507","page","type-page","status-publish","hentry"],"_links":{"self":[{"href":"https:\/\/ruettger.de\/index.php\/wp-json\/wp\/v2\/pages\/507","targetHints":{"allow":["GET"]}}],"collection":[{"href":"https:\/\/ruettger.de\/index.php\/wp-json\/wp\/v2\/pages"}],"about":[{"href":"https:\/\/ruettger.de\/index.php\/wp-json\/wp\/v2\/types\/page"}],"author":[{"embeddable":true,"href":"https:\/\/ruettger.de\/index.php\/wp-json\/wp\/v2\/users\/1"}],"replies":[{"embeddable":true,"href":"https:\/\/ruettger.de\/index.php\/wp-json\/wp\/v2\/comments?post=507"}],"version-history":[{"count":43,"href":"https:\/\/ruettger.de\/index.php\/wp-json\/wp\/v2\/pages\/507\/revisions"}],"predecessor-version":[{"id":858,"href":"https:\/\/ruettger.de\/index.php\/wp-json\/wp\/v2\/pages\/507\/revisions\/858"}],"wp:attachment":[{"href":"https:\/\/ruettger.de\/index.php\/wp-json\/wp\/v2\/media?parent=507"}],"curies":[{"name":"wp","href":"https:\/\/api.w.org\/{rel}","templated":true}]}}