{"id":461,"date":"2026-02-25T15:29:06","date_gmt":"2026-02-25T14:29:06","guid":{"rendered":"https:\/\/ruettger.de\/web10\/?page_id=461"},"modified":"2026-03-05T09:33:26","modified_gmt":"2026-03-05T08:33:26","slug":"lagen-2","status":"publish","type":"page","link":"https:\/\/ruettger.de\/index.php\/lagen-2\/","title":{"rendered":"Lagen"},"content":{"rendered":"\n<div class=\"wp-block-group alignfull has-base-2-background-color has-background has-global-padding is-layout-constrained wp-container-core-group-is-layout-669513ed wp-block-group-is-layout-constrained\" style=\"margin-top:0;margin-bottom:0;padding-top:var(--wp--preset--spacing--50);padding-right:var(--wp--preset--spacing--50);padding-bottom:var(--wp--preset--spacing--50);padding-left:var(--wp--preset--spacing--50)\">\n<div class=\"wp-block-columns alignwide is-layout-flex wp-container-core-columns-is-layout-9eb78b9d wp-block-columns-is-layout-flex\" style=\"border-style:none;border-width:0px;margin-top:0;margin-bottom:0;padding-top:0;padding-right:0;padding-bottom:0;padding-left:0\">\n<div class=\"wp-block-column is-vertically-aligned-stretch is-layout-flow wp-container-core-column-is-layout-759c07a8 wp-block-column-is-layout-flow\" style=\"padding-top:var(--wp--preset--spacing--40);padding-right:0;padding-bottom:var(--wp--preset--spacing--40);padding-left:0;flex-basis:40%\">\n<div class=\"wp-block-group is-vertical is-content-justification-stretch is-layout-flex wp-container-core-group-is-layout-444d5ee8 wp-block-group-is-layout-flex\" style=\"min-height:100%\">\n<p class=\"has-heading-font-family has-large-font-size wp-container-content-9cfa9a5a\">Unsere Weinberge liegen rund um Neuleiningen \u2013 nah genug f\u00fcr kurze Wege, verschieden genug f\u00fcr gro\u00dfe Unterschiede. Hier treffen terti\u00e4rer Kalk und Buntsandstein aufeinander.<\/p>\n\n\n\n<p class=\"has-heading-font-family has-large-font-size wp-container-content-9cfa9a5a\"><br>Was nur wenige hundert Meter trennt, unterscheidet Stil, Struktur und Ausdruck deutlich.<\/p>\n<\/div>\n<\/div>\n\n\n\n<div class=\"wp-block-column is-vertically-aligned-center is-layout-flow wp-container-core-column-is-layout-1396dd20 wp-block-column-is-layout-flow\" style=\"border-style:none;border-width:0px;padding-top:0;padding-right:0;padding-bottom:0;padding-left:0;flex-basis:75%\">\n<figure class=\"wp-block-image size-full is-style-rounded is-style-rounded--1\"><img loading=\"lazy\" decoding=\"async\" width=\"1227\" height=\"929\" src=\"https:\/\/ruettger.de\/wp-content\/uploads\/2026\/02\/neuleiningen-sw.png\" alt=\"\" class=\"wp-image-462\" srcset=\"https:\/\/ruettger.de\/wp-content\/uploads\/2026\/02\/neuleiningen-sw.png 1227w, https:\/\/ruettger.de\/wp-content\/uploads\/2026\/02\/neuleiningen-sw-300x227.png 300w, https:\/\/ruettger.de\/wp-content\/uploads\/2026\/02\/neuleiningen-sw-1024x775.png 1024w, https:\/\/ruettger.de\/wp-content\/uploads\/2026\/02\/neuleiningen-sw-768x581.png 768w\" sizes=\"auto, (max-width: 1227px) 100vw, 1227px\" \/><\/figure>\n<\/div>\n<\/div>\n<\/div>\n\n\n\n<div class=\"wp-block-group alignfull has-base-2-background-color has-background has-global-padding is-layout-constrained wp-container-core-group-is-layout-d89aad35 wp-block-group-is-layout-constrained\" style=\"margin-top:0;margin-bottom:0;padding-top:var(--wp--preset--spacing--50);padding-right:var(--wp--preset--spacing--50);padding-bottom:var(--wp--preset--spacing--50);padding-left:var(--wp--preset--spacing--50)\">\n<p class=\"has-heading-font-family has-x-large-font-size\" style=\"line-height:1.2\">Neuleininger Feuerm\u00e4nnchen <\/p>\n\n\n\n<div style=\"height:30px\" aria-hidden=\"true\" class=\"wp-block-spacer\"><\/div>\n\n\n\n<div class=\"wp-block-columns alignwide is-layout-flex wp-container-core-columns-is-layout-549b0c86 wp-block-columns-is-layout-flex\">\n<div class=\"wp-block-column has-global-padding is-content-justification-left is-layout-constrained wp-container-core-column-is-layout-96f8ab5a wp-block-column-is-layout-constrained\" style=\"flex-basis:40%\">\n<p style=\"font-size:clamp(0.875rem, 0.875rem + ((1vw - 0.2rem) * 0.625), 1.25rem);\">Am gesch\u00fctzten Hangfu\u00df von Neuleiningen liegen unsere Weinberge im Feuerm\u00e4nnchen. Kalkmergel, L\u00f6ss und Sandstein pr\u00e4gen den Boden \u2013 und damit die Ausdruckskraft unserer Trauben.<\/p>\n\n\n\n<p style=\"font-size:clamp(0.875rem, 0.875rem + ((1vw - 0.2rem) * 0.625), 1.25rem);\">Hier gedeihen vor allem Riesling-Reben, von unserem \u00e4ltesten Weinberg aus 1958 bis zum j\u00fcngsten aus 2024, daneben Wei\u00df- und Grauburgunder, Chardonnay und Gew\u00fcrztraminer.<\/p>\n\n\n\n<p style=\"font-size:clamp(0.875rem, 0.875rem + ((1vw - 0.2rem) * 0.625), 1.25rem);\">Die Weine dieser Lage entwickeln fr\u00fch ihre Reife, nehmen einen markanten Bodenton an und zeigen Kraft und Struktur auf elegante Weise.<\/p>\n<\/div>\n\n\n\n<div class=\"wp-block-column is-layout-flow wp-container-core-column-is-layout-119bc444 wp-block-column-is-layout-flow\" style=\"flex-basis:60%\">\n<figure class=\"wp-block-image size-large is-style-rounded is-style-rounded--2\"><img loading=\"lazy\" decoding=\"async\" width=\"1024\" height=\"681\" src=\"https:\/\/ruettger.de\/wp-content\/uploads\/2026\/02\/fuchslochriesling-1024x681.jpg\" alt=\"\" class=\"wp-image-148\" srcset=\"https:\/\/ruettger.de\/wp-content\/uploads\/2026\/02\/fuchslochriesling-1024x681.jpg 1024w, https:\/\/ruettger.de\/wp-content\/uploads\/2026\/02\/fuchslochriesling-300x200.jpg 300w, https:\/\/ruettger.de\/wp-content\/uploads\/2026\/02\/fuchslochriesling-768x511.jpg 768w, https:\/\/ruettger.de\/wp-content\/uploads\/2026\/02\/fuchslochriesling-1536x1022.jpg 1536w, https:\/\/ruettger.de\/wp-content\/uploads\/2026\/02\/fuchslochriesling-2048x1362.jpg 2048w\" sizes=\"auto, (max-width: 1024px) 100vw, 1024px\" \/><\/figure>\n<\/div>\n<\/div>\n<\/div>\n\n\n\n<div class=\"wp-block-group alignfull has-base-2-background-color has-background has-global-padding is-layout-constrained wp-container-core-group-is-layout-d89aad35 wp-block-group-is-layout-constrained\" style=\"margin-top:0;margin-bottom:0;padding-top:var(--wp--preset--spacing--50);padding-right:var(--wp--preset--spacing--50);padding-bottom:var(--wp--preset--spacing--50);padding-left:var(--wp--preset--spacing--50)\">\n<div class=\"wp-block-columns alignwide is-layout-flex wp-container-core-columns-is-layout-1da03c2a wp-block-columns-is-layout-flex\">\n<div class=\"wp-block-column is-vertically-aligned-center is-layout-flow wp-block-column-is-layout-flow\" style=\"flex-basis:60%\">\n<figure class=\"wp-block-image size-full is-style-rounded wp-duotone-unset-4 is-style-rounded--3\"><img loading=\"lazy\" decoding=\"async\" width=\"1200\" height=\"900\" src=\"https:\/\/ruettger.de\/wp-content\/uploads\/2026\/03\/lage-sonnenberg-verb.jpg\" alt=\"\" class=\"wp-image-902\" style=\"aspect-ratio:4\/3;object-fit:cover\" srcset=\"https:\/\/ruettger.de\/wp-content\/uploads\/2026\/03\/lage-sonnenberg-verb.jpg 1200w, https:\/\/ruettger.de\/wp-content\/uploads\/2026\/03\/lage-sonnenberg-verb-300x225.jpg 300w, https:\/\/ruettger.de\/wp-content\/uploads\/2026\/03\/lage-sonnenberg-verb-1024x768.jpg 1024w, https:\/\/ruettger.de\/wp-content\/uploads\/2026\/03\/lage-sonnenberg-verb-768x576.jpg 768w\" sizes=\"auto, (max-width: 1200px) 100vw, 1200px\" \/><figcaption class=\"wp-element-caption\">CREATOR: gd-jpeg v1.0 (using IJG JPEG v62), quality = 82<\/figcaption><\/figure>\n<\/div>\n\n\n\n<div class=\"wp-block-column is-layout-flow wp-block-column-is-layout-flow\" style=\"flex-basis:40%\">\n<h2 class=\"wp-block-heading\">Neuleininger Sonnenberg<\/h2>\n\n\n\n<p style=\"font-size:clamp(0.875rem, 0.875rem + ((1vw - 0.2rem) * 0.625), 1.25rem);\">Am Neuleininger Sonnenberg, bis zu 320\u202fm \u00fcber NN, speichert der kalkhaltige Muschelkalk die W\u00e4rme des Tages und gibt sie langsam wieder ab \u2013 ideal f\u00fcr unsere Reben. In den unteren Lagen dominieren Kalkmergelb\u00f6den, die den Weinen Pr\u00e4zision und Mineralit\u00e4t verleihen. In warmen Jahren profitieren wir ganz besonders von einer langsamen Reife und lebendiger S\u00e4ure, beg\u00fcnstigt durch H\u00f6he und Bodenverh\u00e4ltnisse.<\/p>\n\n\n\n<p style=\"font-size:clamp(0.875rem, 0.875rem + ((1vw - 0.2rem) * 0.625), 1.25rem);\">Der Aufwand f\u00fcr Reben und Winzer lohnt sich: Hier entstehen intensive, dichte Weine, besonders unsere Rotweine, aber auch Riesling, Grauburgunder und Sauvignon Blanc profitieren von diesem besonderen Terroir.<\/p>\n<\/div>\n<\/div>\n<\/div>\n\n\n\n<div class=\"wp-block-group alignfull has-base-2-background-color has-background has-global-padding is-layout-constrained wp-container-core-group-is-layout-d89aad35 wp-block-group-is-layout-constrained\" style=\"margin-top:0;margin-bottom:0;padding-top:var(--wp--preset--spacing--50);padding-right:var(--wp--preset--spacing--50);padding-bottom:var(--wp--preset--spacing--50);padding-left:var(--wp--preset--spacing--50)\">\n<p class=\"has-heading-font-family has-x-large-font-size\" style=\"line-height:1.2\">Neuleininger Schlossberg <\/p>\n\n\n\n<div style=\"height:30px\" aria-hidden=\"true\" class=\"wp-block-spacer\"><\/div>\n\n\n\n<div class=\"wp-block-columns alignwide is-layout-flex wp-container-core-columns-is-layout-549b0c86 wp-block-columns-is-layout-flex\">\n<div class=\"wp-block-column has-global-padding is-content-justification-left is-layout-constrained wp-container-core-column-is-layout-96f8ab5a wp-block-column-is-layout-constrained\" style=\"flex-basis:40%\">\n<p style=\"font-size:clamp(0.875rem, 0.875rem + ((1vw - 0.2rem) * 0.625), 1.25rem);\">Unterhalb der Neuleininger Stadtmauer liegt der Schlossberg \u2013 die kleinste und zugleich w\u00e4rmste Lage Neuleiningens. Buntsandstein im Westen und Kiesb\u00f6den im Osten pr\u00e4gen den Hang.<\/p>\n\n\n\n<p style=\"font-size:clamp(0.875rem, 0.875rem + ((1vw - 0.2rem) * 0.625), 1.25rem);\">Die Kombination aus geringer Wasserspeicherung und hoher W\u00e4rmespeicherung sorgt f\u00fcr konzentrierte Trauben mit reduzierten Ertr\u00e4gen, hoher Reife und bester Gesundheit. Anders als Kalkb\u00f6den ver\u00e4ndern die Sandsteinb\u00f6den den Sortencharakter kaum: Die Weine bleiben klar, direkt und elegant \u2013 auch bei voller Reife.<\/p>\n<\/div>\n\n\n\n<div class=\"wp-block-column is-layout-flow wp-container-core-column-is-layout-119bc444 wp-block-column-is-layout-flow\" style=\"flex-basis:60%\">\n<figure class=\"wp-block-image size-large is-style-rounded is-style-rounded--5\"><img loading=\"lazy\" decoding=\"async\" width=\"1024\" height=\"771\" src=\"https:\/\/ruettger.de\/wp-content\/uploads\/2026\/02\/PXL_20251018_1419251332-1-1024x771.jpg\" alt=\"\" class=\"wp-image-115\" srcset=\"https:\/\/ruettger.de\/wp-content\/uploads\/2026\/02\/PXL_20251018_1419251332-1-1024x771.jpg 1024w, https:\/\/ruettger.de\/wp-content\/uploads\/2026\/02\/PXL_20251018_1419251332-1-300x226.jpg 300w, https:\/\/ruettger.de\/wp-content\/uploads\/2026\/02\/PXL_20251018_1419251332-1-768x578.jpg 768w, https:\/\/ruettger.de\/wp-content\/uploads\/2026\/02\/PXL_20251018_1419251332-1-1536x1157.jpg 1536w, https:\/\/ruettger.de\/wp-content\/uploads\/2026\/02\/PXL_20251018_1419251332-1-2048x1542.jpg 2048w\" sizes=\"auto, (max-width: 1024px) 100vw, 1024px\" \/><\/figure>\n<\/div>\n<\/div>\n<\/div>\n\n\n\n<div class=\"wp-block-cover alignfull has-parallax\" style=\"padding-top:var(--wp--preset--spacing--50);padding-right:var(--wp--preset--spacing--50);padding-bottom:var(--wp--preset--spacing--50);padding-left:var(--wp--preset--spacing--50);min-height:100vh;aspect-ratio:unset;\"><div class=\"wp-block-cover__image-background wp-image-37 size-full has-parallax\" style=\"background-position:50% 50%;background-image:url(https:\/\/ruettger.de\/wp-content\/uploads\/2026\/02\/DSC09493-scaled.jpg)\"><\/div><span aria-hidden=\"true\" class=\"wp-block-cover__background has-base-background-color has-background-dim-0 has-background-dim\"><\/span><div class=\"wp-block-cover__inner-container has-global-padding is-layout-constrained wp-container-core-cover-is-layout-e4fd886c wp-block-cover-is-layout-constrained\">\n<div style=\"height:500px\" aria-hidden=\"true\" class=\"wp-block-spacer\"><\/div>\n<\/div><\/div>\n\n\n\n<div class=\"wp-block-group alignfull has-global-padding is-layout-constrained wp-container-core-group-is-layout-b25ccd55 wp-block-group-is-layout-constrained\" style=\"margin-top:0;margin-bottom:0;padding-top:var(--wp--preset--spacing--50);padding-right:var(--wp--preset--spacing--50);padding-bottom:var(--wp--preset--spacing--50);padding-left:var(--wp--preset--spacing--50)\">\n<div class=\"wp-block-columns alignwide is-layout-flex wp-container-core-columns-is-layout-ff4b9c61 wp-block-columns-is-layout-flex\" style=\"margin-top:0;margin-bottom:0\">\n<div class=\"wp-block-column is-layout-flow wp-container-core-column-is-layout-8a368f38 wp-block-column-is-layout-flow\">\n<figure class=\"wp-block-image size-large is-style-rounded is-style-rounded--6\"><img loading=\"lazy\" decoding=\"async\" width=\"1024\" height=\"680\" src=\"https:\/\/ruettger.de\/wp-content\/uploads\/2026\/02\/DSC_8238_01-1024x680.jpg\" alt=\"\" class=\"wp-image-85\" style=\"aspect-ratio:4\/3;object-fit:cover\" srcset=\"https:\/\/ruettger.de\/wp-content\/uploads\/2026\/02\/DSC_8238_01-1024x680.jpg 1024w, https:\/\/ruettger.de\/wp-content\/uploads\/2026\/02\/DSC_8238_01-300x199.jpg 300w, https:\/\/ruettger.de\/wp-content\/uploads\/2026\/02\/DSC_8238_01-768x510.jpg 768w, https:\/\/ruettger.de\/wp-content\/uploads\/2026\/02\/DSC_8238_01-1536x1020.jpg 1536w, https:\/\/ruettger.de\/wp-content\/uploads\/2026\/02\/DSC_8238_01-2048x1360.jpg 2048w\" sizes=\"auto, (max-width: 1024px) 100vw, 1024px\" \/><\/figure>\n\n\n\n<div style=\"height:var(--wp--preset--spacing--50)\" aria-hidden=\"true\" class=\"wp-block-spacer\"><\/div>\n\n\n\n<figure class=\"wp-block-image size-large is-style-rounded is-style-rounded--7\"><img loading=\"lazy\" decoding=\"async\" width=\"1024\" height=\"680\" src=\"https:\/\/ruettger.de\/wp-content\/uploads\/2026\/02\/DSC_7412-1024x680.jpg\" alt=\"\" class=\"wp-image-81\" style=\"aspect-ratio:3\/4;object-fit:cover\" srcset=\"https:\/\/ruettger.de\/wp-content\/uploads\/2026\/02\/DSC_7412-1024x680.jpg 1024w, https:\/\/ruettger.de\/wp-content\/uploads\/2026\/02\/DSC_7412-300x199.jpg 300w, https:\/\/ruettger.de\/wp-content\/uploads\/2026\/02\/DSC_7412-768x510.jpg 768w, https:\/\/ruettger.de\/wp-content\/uploads\/2026\/02\/DSC_7412-1536x1020.jpg 1536w, https:\/\/ruettger.de\/wp-content\/uploads\/2026\/02\/DSC_7412-2048x1360.jpg 2048w\" sizes=\"auto, (max-width: 1024px) 100vw, 1024px\" \/><\/figure>\n<\/div>\n\n\n\n<div class=\"wp-block-column is-layout-flow wp-container-core-column-is-layout-8a368f38 wp-block-column-is-layout-flow\">\n<div style=\"height:var(--wp--preset--spacing--50)\" aria-hidden=\"true\" class=\"wp-block-spacer\"><\/div>\n\n\n\n<figure class=\"wp-block-image size-large is-style-rounded is-style-rounded--8\"><img loading=\"lazy\" decoding=\"async\" width=\"681\" height=\"1024\" src=\"https:\/\/ruettger.de\/wp-content\/uploads\/2026\/02\/fotos-flyer-124-681x1024.jpg\" alt=\"\" class=\"wp-image-471\" style=\"aspect-ratio:3\/4;object-fit:cover\" srcset=\"https:\/\/ruettger.de\/wp-content\/uploads\/2026\/02\/fotos-flyer-124-681x1024.jpg 681w, https:\/\/ruettger.de\/wp-content\/uploads\/2026\/02\/fotos-flyer-124-200x300.jpg 200w, https:\/\/ruettger.de\/wp-content\/uploads\/2026\/02\/fotos-flyer-124-768x1154.jpg 768w, https:\/\/ruettger.de\/wp-content\/uploads\/2026\/02\/fotos-flyer-124-1022x1536.jpg 1022w, https:\/\/ruettger.de\/wp-content\/uploads\/2026\/02\/fotos-flyer-124-1362x2048.jpg 1362w, https:\/\/ruettger.de\/wp-content\/uploads\/2026\/02\/fotos-flyer-124.jpg 1572w\" sizes=\"auto, (max-width: 681px) 100vw, 681px\" \/><\/figure>\n\n\n\n<div style=\"height:var(--wp--preset--spacing--50)\" aria-hidden=\"true\" class=\"wp-block-spacer\"><\/div>\n\n\n\n<figure class=\"wp-block-image size-large is-style-rounded is-style-rounded--9\"><img loading=\"lazy\" decoding=\"async\" width=\"1024\" height=\"771\" src=\"https:\/\/ruettger.de\/wp-content\/uploads\/2026\/02\/PXL_20250830_145646850.PORTRAIT-1024x771.jpg\" alt=\"\" class=\"wp-image-71\" style=\"aspect-ratio:1;object-fit:cover\" srcset=\"https:\/\/ruettger.de\/wp-content\/uploads\/2026\/02\/PXL_20250830_145646850.PORTRAIT-1024x771.jpg 1024w, https:\/\/ruettger.de\/wp-content\/uploads\/2026\/02\/PXL_20250830_145646850.PORTRAIT-300x226.jpg 300w, https:\/\/ruettger.de\/wp-content\/uploads\/2026\/02\/PXL_20250830_145646850.PORTRAIT-768x578.jpg 768w, https:\/\/ruettger.de\/wp-content\/uploads\/2026\/02\/PXL_20250830_145646850.PORTRAIT-1536x1157.jpg 1536w, https:\/\/ruettger.de\/wp-content\/uploads\/2026\/02\/PXL_20250830_145646850.PORTRAIT-2048x1542.jpg 2048w\" sizes=\"auto, (max-width: 1024px) 100vw, 1024px\" \/><\/figure>\n<\/div>\n<\/div>\n<\/div>\n\n\n\n<div class=\"wp-block-cover alignfull is-light has-parallax\" style=\"padding-top:var(--wp--preset--spacing--50);padding-right:var(--wp--preset--spacing--50);padding-bottom:var(--wp--preset--spacing--50);padding-left:var(--wp--preset--spacing--50);min-height:100vh;aspect-ratio:unset;\"><div class=\"wp-block-cover__image-background wp-image-475 size-full has-parallax\" style=\"background-position:50% 50%;background-image:url(https:\/\/ruettger.de\/wp-content\/uploads\/2026\/02\/DSC_7739-3.jpg)\"><\/div><span aria-hidden=\"true\" class=\"wp-block-cover__background has-base-background-color has-background-dim-0 has-background-dim\"><\/span><div class=\"wp-block-cover__inner-container has-global-padding is-layout-constrained wp-container-core-cover-is-layout-e4fd886c wp-block-cover-is-layout-constrained\">\n<div style=\"height:500px\" aria-hidden=\"true\" class=\"wp-block-spacer\"><\/div>\n<\/div><\/div>\n","protected":false},"excerpt":{"rendered":"<p>Unsere Weinberge liegen rund um Neuleiningen \u2013 nah genug f\u00fcr kurze Wege, verschieden genug f\u00fcr gro\u00dfe Unterschiede. Hier treffen terti\u00e4rer Kalk und Buntsandstein aufeinander. Was nur wenige hundert Meter trennt, unterscheidet Stil, Struktur und Ausdruck deutlich. Neuleininger Feuerm\u00e4nnchen Am gesch\u00fctzten Hangfu\u00df von Neuleiningen liegen unsere Weinberge im Feuerm\u00e4nnchen. Kalkmergel, L\u00f6ss und Sandstein pr\u00e4gen den Boden [&hellip;]<\/p>\n","protected":false},"author":1,"featured_media":0,"parent":0,"menu_order":0,"comment_status":"closed","ping_status":"closed","template":"page-no-title","meta":{"footnotes":""},"class_list":["post-461","page","type-page","status-publish","hentry"],"_links":{"self":[{"href":"https:\/\/ruettger.de\/index.php\/wp-json\/wp\/v2\/pages\/461","targetHints":{"allow":["GET"]}}],"collection":[{"href":"https:\/\/ruettger.de\/index.php\/wp-json\/wp\/v2\/pages"}],"about":[{"href":"https:\/\/ruettger.de\/index.php\/wp-json\/wp\/v2\/types\/page"}],"author":[{"embeddable":true,"href":"https:\/\/ruettger.de\/index.php\/wp-json\/wp\/v2\/users\/1"}],"replies":[{"embeddable":true,"href":"https:\/\/ruettger.de\/index.php\/wp-json\/wp\/v2\/comments?post=461"}],"version-history":[{"count":16,"href":"https:\/\/ruettger.de\/index.php\/wp-json\/wp\/v2\/pages\/461\/revisions"}],"predecessor-version":[{"id":904,"href":"https:\/\/ruettger.de\/index.php\/wp-json\/wp\/v2\/pages\/461\/revisions\/904"}],"wp:attachment":[{"href":"https:\/\/ruettger.de\/index.php\/wp-json\/wp\/v2\/media?parent=461"}],"curies":[{"name":"wp","href":"https:\/\/api.w.org\/{rel}","templated":true}]}}