{"id":398,"date":"2026-02-24T22:18:30","date_gmt":"2026-02-24T21:18:30","guid":{"rendered":"https:\/\/ruettger.de\/web10\/?page_id=398"},"modified":"2026-03-07T11:45:28","modified_gmt":"2026-03-07T10:45:28","slug":"startseite4","status":"publish","type":"page","link":"https:\/\/ruettger.de\/","title":{"rendered":"Startseite"},"content":{"rendered":"\n<figure class=\"wp-block-image alignfull size-full wp-duotone-unset-1\"><img loading=\"lazy\" decoding=\"async\" width=\"1920\" height=\"1080\" src=\"https:\/\/ruettger.de\/wp-content\/uploads\/2026\/03\/house-cropped-1920px.jpg\" alt=\"\" class=\"wp-image-888\" srcset=\"https:\/\/ruettger.de\/wp-content\/uploads\/2026\/03\/house-cropped-1920px.jpg 1920w, https:\/\/ruettger.de\/wp-content\/uploads\/2026\/03\/house-cropped-1920px-300x169.jpg 300w, https:\/\/ruettger.de\/wp-content\/uploads\/2026\/03\/house-cropped-1920px-1024x576.jpg 1024w, https:\/\/ruettger.de\/wp-content\/uploads\/2026\/03\/house-cropped-1920px-768x432.jpg 768w, https:\/\/ruettger.de\/wp-content\/uploads\/2026\/03\/house-cropped-1920px-1536x864.jpg 1536w\" sizes=\"auto, (max-width: 1920px) 100vw, 1920px\" \/><\/figure>\n\n\n\n<div style=\"height:17px\" aria-hidden=\"true\" class=\"wp-block-spacer\"><\/div>\n\n\n\n<div class=\"wp-block-columns is-layout-flex wp-container-core-columns-is-layout-28f84493 wp-block-columns-is-layout-flex\">\n<div class=\"wp-block-column is-layout-flow wp-block-column-is-layout-flow\">\n<h2 class=\"wp-block-heading\">Rudi R\u00fcttger<br>Weintradition in der Familie seit 1643<\/h2>\n<\/div>\n\n\n\n<div class=\"wp-block-column is-layout-flow wp-block-column-is-layout-flow\">\n<p style=\"font-size:clamp(0.875rem, 0.875rem + ((1vw - 0.2rem) * 0.708), 1.3rem);\">Sie finden uns in Neuleiningen, auf einem Vorsprung des Haardtgebirges, in der Pfalz. Hier f\u00fchlen sich unsere Reben ebenso wohl wie wir, hier erzeugen wir unverwechselbare Weine. Dabei ist es unser Anspruch, die hervorragenden Voraussetzungen zu nutzen, welche uns die Natur in unseren Lagen bietet.<\/p>\n<\/div>\n<\/div>\n\n\n\n<div style=\"height:28px\" aria-hidden=\"true\" class=\"wp-block-spacer\"><\/div>\n\n\n\n<div class=\"wp-block-columns is-layout-flex wp-container-core-columns-is-layout-28f84493 wp-block-columns-is-layout-flex\">\n<div class=\"wp-block-column is-layout-flow wp-block-column-is-layout-flow\">\n<figure class=\"wp-block-image size-large is-style-rounded wp-duotone-unset-3 is-style-rounded--2\" style=\"margin-top:0;margin-right:0px;margin-bottom:0;margin-left:0px\"><img loading=\"lazy\" decoding=\"async\" width=\"1024\" height=\"683\" src=\"https:\/\/ruettger.de\/wp-content\/uploads\/2026\/02\/familie-1920-1-1024x683.jpg\" alt=\"\" class=\"wp-image-145\" srcset=\"https:\/\/ruettger.de\/wp-content\/uploads\/2026\/02\/familie-1920-1-1024x683.jpg 1024w, https:\/\/ruettger.de\/wp-content\/uploads\/2026\/02\/familie-1920-1-300x200.jpg 300w, https:\/\/ruettger.de\/wp-content\/uploads\/2026\/02\/familie-1920-1-768x512.jpg 768w, https:\/\/ruettger.de\/wp-content\/uploads\/2026\/02\/familie-1920-1-1536x1024.jpg 1536w, https:\/\/ruettger.de\/wp-content\/uploads\/2026\/02\/familie-1920-1-2048x1365.jpg 2048w\" sizes=\"auto, (max-width: 1024px) 100vw, 1024px\" \/><\/figure>\n<\/div>\n\n\n\n<div class=\"wp-block-column is-vertically-aligned-center has-global-padding is-content-justification-center is-layout-constrained wp-container-core-column-is-layout-a091169e wp-block-column-is-layout-constrained\" style=\"border-style:none;border-width:0px;padding-right:0;padding-left:0\">\n<h3 class=\"wp-block-heading\">Herkunft<\/h3>\n\n\n\n<p style=\"border-style:none;border-width:0px;font-size:clamp(0.901rem, 0.901rem + ((1vw - 0.2rem) * 0.748), 1.35rem);\">Mitte des 17. Jahrhunderts kam Johannes R\u00fcttger, geboren 1620 in Luxemburg, nach Neuleiningen. Seither ist unsere Familie in dem traditionsreichen Burg- und Weindorf tief verwurzelt.<\/p>\n\n\n\n<p style=\"font-size:clamp(0.901rem, 0.901rem + ((1vw - 0.2rem) * 0.748), 1.35rem);\">Mit gro\u00dfer Leidenschaft bewirtschaften wir hier unsere Weinberge in den \u00f6rtlichen Einzellagen Feuerm\u00e4nnchen, Schlossberg und Sonnenberg. <\/p>\n\n\n\n<p style=\"font-size:clamp(0.901rem, 0.901rem + ((1vw - 0.2rem) * 0.748), 1.35rem);\">Aus diesen Lagen entstehen charaktervolle, qualit\u00e4tsorientierte Weine mit Herkunft und Ausdruck, mit Sorgfalt ausgebaut und mit \u00dcberzeugung pr\u00e4sentiert.<\/p>\n<\/div>\n<\/div>\n\n\n\n<div class=\"wp-block-cover alignfull is-light has-parallax\" style=\"padding-top:var(--wp--preset--spacing--50);padding-right:var(--wp--preset--spacing--50);padding-bottom:var(--wp--preset--spacing--50);padding-left:var(--wp--preset--spacing--50);min-height:100vh;aspect-ratio:unset;\"><div class=\"wp-block-cover__image-background wp-image-892 size-full has-parallax\" style=\"background-position:50% 50%;background-image:url(https:\/\/ruettger.de\/wp-content\/uploads\/2026\/03\/DSC_0937-1920pxl-2-v70.jpg)\"><\/div><span aria-hidden=\"true\" class=\"wp-block-cover__background has-base-background-color has-background-dim-0 has-background-dim\"><\/span><div class=\"wp-block-cover__inner-container has-global-padding is-layout-constrained wp-container-core-cover-is-layout-e4fd886c wp-block-cover-is-layout-constrained\">\n<div style=\"height:500px\" aria-hidden=\"true\" class=\"wp-block-spacer\"><\/div>\n<\/div><\/div>\n\n\n\n<div class=\"wp-block-columns are-vertically-aligned-center is-layout-flex wp-container-core-columns-is-layout-28f84493 wp-block-columns-is-layout-flex\">\n<div class=\"wp-block-column is-vertically-aligned-center is-layout-flow wp-block-column-is-layout-flow\">\n<div class=\"wp-block-group has-global-padding is-layout-constrained wp-block-group-is-layout-constrained\">\n<h3 class=\"wp-block-heading\" style=\"padding-top:0;padding-right:0px;padding-bottom:0;padding-left:0px\">Heute<\/h3>\n\n\n\n<p style=\"font-size:clamp(0.901rem, 0.901rem + ((1vw - 0.2rem) * 0.748), 1.35rem);\">Die Hauptverantwortung f\u00fcr unsere Weine tr\u00e4gt Rudolph R\u00fcttger.<\/p>\n\n\n\n<p style=\"font-size:clamp(0.901rem, 0.901rem + ((1vw - 0.2rem) * 0.748), 1.35rem);\">Pr\u00e4gende Erfahrungen im In- und Ausland, insbesondere in \u00d6sterreich und Neuseeland, haben seinen Blick auf Wein nachhaltig gepr\u00e4gt. Heute verbindet er dieses Wissen mit der tiefen Verwurzelung unseres Familienbetriebs in Neuleiningen. So entstehen Weine, die den Charakter unserer Weinberge, unsere Tradition und unsere pers\u00f6nliche Handschrift widerspiegeln.<\/p>\n<\/div>\n<\/div>\n\n\n\n<div class=\"wp-block-column is-vertically-aligned-center is-layout-flow wp-block-column-is-layout-flow\">\n<figure class=\"wp-block-image size-large is-style-rounded is-style-rounded--4\"><img loading=\"lazy\" decoding=\"async\" width=\"1024\" height=\"683\" src=\"https:\/\/ruettger.de\/wp-content\/uploads\/2026\/02\/DSC_8568_01-1024x683.jpg\" alt=\"\" class=\"wp-image-83\" srcset=\"https:\/\/ruettger.de\/wp-content\/uploads\/2026\/02\/DSC_8568_01-1024x683.jpg 1024w, https:\/\/ruettger.de\/wp-content\/uploads\/2026\/02\/DSC_8568_01-300x200.jpg 300w, https:\/\/ruettger.de\/wp-content\/uploads\/2026\/02\/DSC_8568_01-768x512.jpg 768w, https:\/\/ruettger.de\/wp-content\/uploads\/2026\/02\/DSC_8568_01-1536x1024.jpg 1536w, https:\/\/ruettger.de\/wp-content\/uploads\/2026\/02\/DSC_8568_01-2048x1366.jpg 2048w\" sizes=\"auto, (max-width: 1024px) 100vw, 1024px\" \/><\/figure>\n<\/div>\n<\/div>\n\n\n\n<div style=\"height:50px\" aria-hidden=\"true\" class=\"wp-block-spacer\"><\/div>\n\n\n\n<div class=\"wp-block-group alignfull has-base-2-color has-contrast-background-color has-text-color has-background has-link-color wp-elements-aa009017a95024372153c977178dd05c has-global-padding is-layout-constrained wp-container-core-group-is-layout-facafb6f wp-block-group-is-layout-constrained\" style=\"margin-top:0;margin-bottom:0;padding-top:var(--wp--preset--spacing--50);padding-right:var(--wp--preset--spacing--50);padding-bottom:var(--wp--preset--spacing--50);padding-left:var(--wp--preset--spacing--50)\">\n<div class=\"wp-block-columns alignwide is-layout-flex wp-container-core-columns-is-layout-d1c656ed wp-block-columns-is-layout-flex\">\n<div class=\"wp-block-column is-vertically-aligned-stretch is-layout-flow wp-block-column-is-layout-flow\" style=\"padding-right:0;flex-basis:60%\">\n<div class=\"wp-block-group is-vertical is-content-justification-stretch is-layout-flex wp-container-core-group-is-layout-ae24f51d wp-block-group-is-layout-flex\" style=\"min-height:100%\">\n<figure class=\"wp-block-image size-large is-style-rounded is-style-rounded--5\"><img loading=\"lazy\" decoding=\"async\" width=\"771\" height=\"1024\" src=\"https:\/\/ruettger.de\/wp-content\/uploads\/2026\/02\/PXL_20251014_125313720.MP_-771x1024.jpg\" alt=\"\" class=\"wp-image-117\" style=\"aspect-ratio:9\/16;object-fit:cover\" srcset=\"https:\/\/ruettger.de\/wp-content\/uploads\/2026\/02\/PXL_20251014_125313720.MP_-771x1024.jpg 771w, https:\/\/ruettger.de\/wp-content\/uploads\/2026\/02\/PXL_20251014_125313720.MP_-226x300.jpg 226w, https:\/\/ruettger.de\/wp-content\/uploads\/2026\/02\/PXL_20251014_125313720.MP_-768x1020.jpg 768w, https:\/\/ruettger.de\/wp-content\/uploads\/2026\/02\/PXL_20251014_125313720.MP_-1157x1536.jpg 1157w, https:\/\/ruettger.de\/wp-content\/uploads\/2026\/02\/PXL_20251014_125313720.MP_-1542x2048.jpg 1542w, https:\/\/ruettger.de\/wp-content\/uploads\/2026\/02\/PXL_20251014_125313720.MP_-scaled.jpg 1928w\" sizes=\"auto, (max-width: 771px) 100vw, 771px\" \/><\/figure>\n\n\n\n<h2 class=\"wp-block-heading is-style-default has-base-color has-text-color has-link-color has-heading-font-family has-large-font-size wp-elements-b21ebb01bde398ff034abe89cfac1b2c\" style=\"font-style:italic;font-weight:400\">&#8222;<strong>Der Keller ist so lang wie ein Blauwal&#8220;<\/strong><\/h2>\n\n\n\n<p>August R.<\/p>\n<\/div>\n<\/div>\n\n\n\n<div class=\"wp-block-column is-layout-flow wp-block-column-is-layout-flow\" style=\"flex-basis:44%\">\n<div class=\"wp-block-group has-global-padding is-layout-constrained wp-block-group-is-layout-constrained\">\n<p class=\"has-system-serif-font-family has-large-font-size\" style=\"font-style:italic;font-weight:400;line-height:1.4\">&#8222;Im Weinkeller entsteht vieles, aber nicht alles, was einen Wein ausmacht: Jahrgang, Witterung, und Boden bestimmen die Voraussetzungen, mit denen wir gerne arbeiten.&#8220;<\/p>\n\n\n\n<div class=\"wp-block-columns is-layout-flex wp-container-core-columns-is-layout-28f84493 wp-block-columns-is-layout-flex\">\n<div class=\"wp-block-column is-layout-flow wp-block-column-is-layout-flow\" style=\"flex-basis:100%\">\n<div style=\"height:181px\" aria-hidden=\"true\" class=\"wp-block-spacer\"><\/div>\n<\/div>\n<\/div>\n\n\n\n<div class=\"wp-block-group is-layout-flow wp-block-group-is-layout-flow\">\n<p style=\"font-size:clamp(0.875rem, 0.875rem + ((1vw - 0.2rem) * 0.708), 1.3rem);font-style:normal;font-weight:400\">Unsere Gew\u00f6lbekeller bieten das ganze Jahr \u00fcber konstante Temperaturen &#8211; beste Voraussetzungen f\u00fcr unsere Weine.<\/p>\n\n\n\n<figure class=\"wp-block-image size-full is-style-rounded is-style-rounded--6\"><img loading=\"lazy\" decoding=\"async\" width=\"1200\" height=\"800\" src=\"https:\/\/ruettger.de\/wp-content\/uploads\/2026\/03\/keller2-verb.jpg\" alt=\"\" class=\"wp-image-897\" style=\"aspect-ratio:3\/4;object-fit:cover\" srcset=\"https:\/\/ruettger.de\/wp-content\/uploads\/2026\/03\/keller2-verb.jpg 1200w, https:\/\/ruettger.de\/wp-content\/uploads\/2026\/03\/keller2-verb-300x200.jpg 300w, https:\/\/ruettger.de\/wp-content\/uploads\/2026\/03\/keller2-verb-1024x683.jpg 1024w, https:\/\/ruettger.de\/wp-content\/uploads\/2026\/03\/keller2-verb-768x512.jpg 768w\" sizes=\"auto, (max-width: 1200px) 100vw, 1200px\" \/><\/figure>\n<\/div>\n<\/div>\n<\/div>\n<\/div>\n<\/div>\n\n\n\n<div class=\"wp-block-group alignfull has-base-2-background-color has-background has-global-padding is-layout-constrained wp-container-core-group-is-layout-b25ccd55 wp-block-group-is-layout-constrained\" style=\"margin-top:0;margin-bottom:0;padding-top:var(--wp--preset--spacing--50);padding-right:var(--wp--preset--spacing--50);padding-bottom:var(--wp--preset--spacing--50);padding-left:var(--wp--preset--spacing--50)\">\n<div class=\"wp-block-columns alignwide is-layout-flex wp-container-core-columns-is-layout-ff4b9c61 wp-block-columns-is-layout-flex\" style=\"margin-top:0;margin-bottom:0\">\n<div class=\"wp-block-column is-layout-flow wp-container-core-column-is-layout-8a368f38 wp-block-column-is-layout-flow\">\n<figure class=\"wp-block-image size-large is-style-rounded is-style-rounded--7\"><img loading=\"lazy\" decoding=\"async\" width=\"1024\" height=\"680\" src=\"https:\/\/ruettger.de\/wp-content\/uploads\/2026\/02\/DSC_0329-1024x680.jpg\" alt=\"\" class=\"wp-image-144\" style=\"aspect-ratio:4\/3;object-fit:cover\" srcset=\"https:\/\/ruettger.de\/wp-content\/uploads\/2026\/02\/DSC_0329-1024x680.jpg 1024w, https:\/\/ruettger.de\/wp-content\/uploads\/2026\/02\/DSC_0329-300x199.jpg 300w, https:\/\/ruettger.de\/wp-content\/uploads\/2026\/02\/DSC_0329-768x510.jpg 768w, https:\/\/ruettger.de\/wp-content\/uploads\/2026\/02\/DSC_0329-1536x1020.jpg 1536w, https:\/\/ruettger.de\/wp-content\/uploads\/2026\/02\/DSC_0329.jpg 1600w\" sizes=\"auto, (max-width: 1024px) 100vw, 1024px\" \/><\/figure>\n\n\n\n<div style=\"height:var(--wp--preset--spacing--50)\" aria-hidden=\"true\" class=\"wp-block-spacer\"><\/div>\n\n\n\n<figure class=\"wp-block-image size-full is-style-rounded is-style-rounded--8\"><img loading=\"lazy\" decoding=\"async\" width=\"800\" height=\"1067\" src=\"https:\/\/ruettger.de\/wp-content\/uploads\/2026\/03\/startseite-neuleiningen-hochkant.jpg\" alt=\"\" class=\"wp-image-908\" style=\"aspect-ratio:3\/4;object-fit:cover\" srcset=\"https:\/\/ruettger.de\/wp-content\/uploads\/2026\/03\/startseite-neuleiningen-hochkant.jpg 800w, https:\/\/ruettger.de\/wp-content\/uploads\/2026\/03\/startseite-neuleiningen-hochkant-225x300.jpg 225w, https:\/\/ruettger.de\/wp-content\/uploads\/2026\/03\/startseite-neuleiningen-hochkant-768x1024.jpg 768w\" sizes=\"auto, (max-width: 800px) 100vw, 800px\" \/><\/figure>\n<\/div>\n\n\n\n<div class=\"wp-block-column is-layout-flow wp-container-core-column-is-layout-8a368f38 wp-block-column-is-layout-flow\">\n<div style=\"height:var(--wp--preset--spacing--50)\" aria-hidden=\"true\" class=\"wp-block-spacer\"><\/div>\n\n\n\n<figure class=\"wp-block-image size-large is-style-rounded is-style-rounded--9\"><img loading=\"lazy\" decoding=\"async\" width=\"576\" height=\"1024\" src=\"https:\/\/ruettger.de\/wp-content\/uploads\/2026\/02\/PXL_20231108_162555844.MP2_-576x1024.jpg\" alt=\"\" class=\"wp-image-136\" srcset=\"https:\/\/ruettger.de\/wp-content\/uploads\/2026\/02\/PXL_20231108_162555844.MP2_-576x1024.jpg 576w, https:\/\/ruettger.de\/wp-content\/uploads\/2026\/02\/PXL_20231108_162555844.MP2_-169x300.jpg 169w, https:\/\/ruettger.de\/wp-content\/uploads\/2026\/02\/PXL_20231108_162555844.MP2_-768x1365.jpg 768w, https:\/\/ruettger.de\/wp-content\/uploads\/2026\/02\/PXL_20231108_162555844.MP2_-864x1536.jpg 864w, https:\/\/ruettger.de\/wp-content\/uploads\/2026\/02\/PXL_20231108_162555844.MP2_-1152x2048.jpg 1152w, https:\/\/ruettger.de\/wp-content\/uploads\/2026\/02\/PXL_20231108_162555844.MP2_-scaled.jpg 1440w\" sizes=\"auto, (max-width: 576px) 100vw, 576px\" \/><\/figure>\n\n\n\n<div style=\"height:var(--wp--preset--spacing--50)\" aria-hidden=\"true\" class=\"wp-block-spacer\"><\/div>\n<\/div>\n<\/div>\n<\/div>\n\n\n\n<p class=\"has-text-align-center has-base-2-background-color has-background has-heading-font-family has-x-large-font-size\" style=\"font-style:normal;font-weight:400;line-height:1.2\">\u201eUnsere Weine, unsere B\u00f6den, unsere Kunden liegen uns am Herzen \u2013<br>wir sind Winzer aus Leidenschaft.\u201c<\/p>\n\n\n\n<p><\/p>\n","protected":false},"excerpt":{"rendered":"<p>Rudi R\u00fcttgerWeintradition in der Familie seit 1643 Sie finden uns in Neuleiningen, auf einem Vorsprung des Haardtgebirges, in der Pfalz. Hier f\u00fchlen sich unsere Reben ebenso wohl wie wir, hier erzeugen wir unverwechselbare Weine. Dabei ist es unser Anspruch, die hervorragenden Voraussetzungen zu nutzen, welche uns die Natur in unseren Lagen bietet. Herkunft Mitte des [&hellip;]<\/p>\n","protected":false},"author":1,"featured_media":0,"parent":0,"menu_order":0,"comment_status":"closed","ping_status":"closed","template":"page-no-title","meta":{"footnotes":""},"class_list":["post-398","page","type-page","status-publish","hentry"],"_links":{"self":[{"href":"https:\/\/ruettger.de\/index.php\/wp-json\/wp\/v2\/pages\/398","targetHints":{"allow":["GET"]}}],"collection":[{"href":"https:\/\/ruettger.de\/index.php\/wp-json\/wp\/v2\/pages"}],"about":[{"href":"https:\/\/ruettger.de\/index.php\/wp-json\/wp\/v2\/types\/page"}],"author":[{"embeddable":true,"href":"https:\/\/ruettger.de\/index.php\/wp-json\/wp\/v2\/users\/1"}],"replies":[{"embeddable":true,"href":"https:\/\/ruettger.de\/index.php\/wp-json\/wp\/v2\/comments?post=398"}],"version-history":[{"count":105,"href":"https:\/\/ruettger.de\/index.php\/wp-json\/wp\/v2\/pages\/398\/revisions"}],"predecessor-version":[{"id":922,"href":"https:\/\/ruettger.de\/index.php\/wp-json\/wp\/v2\/pages\/398\/revisions\/922"}],"wp:attachment":[{"href":"https:\/\/ruettger.de\/index.php\/wp-json\/wp\/v2\/media?parent=398"}],"curies":[{"name":"wp","href":"https:\/\/api.w.org\/{rel}","templated":true}]}}